{"id":24,"date":"2022-06-29T13:21:58","date_gmt":"2022-06-29T13:21:58","guid":{"rendered":"https:\/\/vignoble-eymas.fr\/?page_id=24"},"modified":"2022-09-15T14:18:34","modified_gmt":"2022-09-15T14:18:34","slug":"mentions-legales","status":"publish","type":"page","link":"https:\/\/vignoble-eymas.fr\/en_gb\/mentions-legales\/","title":{"rendered":"Legal Notice"},"content":{"rendered":"<div data-elementor-type=\"wp-page\" data-elementor-id=\"24\" class=\"elementor elementor-24\" data-elementor-post-type=\"page\">\n\t\t\t\t\t\t<section class=\"elementor-section elementor-top-section elementor-element elementor-element-f0086ad elementor-section-boxed elementor-section-height-default elementor-section-height-default\" data-id=\"f0086ad\" data-element_type=\"section\" data-e-type=\"section\">\n\t\t\t\t\t\t<div class=\"elementor-container elementor-column-gap-default\">\n\t\t\t\t\t<div class=\"elementor-column elementor-col-100 elementor-top-column elementor-element elementor-element-2e4fbf4\" data-id=\"2e4fbf4\" data-element_type=\"column\" data-e-type=\"column\">\n\t\t\t<div class=\"elementor-widget-wrap elementor-element-populated\">\n\t\t\t\t\t\t<div class=\"elementor-element elementor-element-f9a529f elementor-widget elementor-widget-heading\" data-id=\"f9a529f\" data-element_type=\"widget\" data-e-type=\"widget\" data-widget_type=\"heading.default\">\n\t\t\t\t<div class=\"elementor-widget-container\">\n\t\t\t\t\t<h1 class=\"elementor-heading-title elementor-size-default\">Legal Notice<\/h1>\t\t\t\t<\/div>\n\t\t\t\t<\/div>\n\t\t\t\t<div class=\"elementor-element elementor-element-704ee20 elementor-widget elementor-widget-text-editor\" data-id=\"704ee20\" data-element_type=\"widget\" data-e-type=\"widget\" data-widget_type=\"text-editor.default\">\n\t\t\t\t<div class=\"elementor-widget-container\">\n\t\t\t\t\t\t\t\t\t<h2><span id=\"m_5086636472345996481lwptoc20\">1 &#8211; \u00c9dition du site<\/span><\/h2><p>En vertu de\u00a0<a href=\"https:\/\/www.legifrance.gouv.fr\/affichTexte.do?cidTexte=JORFTEXT000000801164#LEGIARTI000042038977\" target=\"_blank\" rel=\"noreferrer noopener\" data-saferedirecturl=\"https:\/\/www.google.com\/url?q=https:\/\/www.legifrance.gouv.fr\/affichTexte.do?cidTexte%3DJORFTEXT000000801164%23LEGIARTI000042038977&amp;source=gmail&amp;ust=1660676486617000&amp;usg=AOvVaw3v_-jIb_KeVV9JmKsgp-Gp\">l&rsquo;article 6 de la loi n\u00b0 2004-575 du 21 juin 2004<\/a>\u00a0pour la confiance dans l&rsquo;\u00e9conomie num\u00e9rique, il est pr\u00e9cis\u00e9 aux utilisateurs du site internet\u00a0<strong><a href=\"https:\/\/vignoble-eymas.fr\/en_gb\/\" target=\"_blank\" rel=\"noopener\" data-saferedirecturl=\"https:\/\/www.google.com\/url?q=https:\/\/vignoble-eymas.fr\/&amp;source=gmail&amp;ust=1660676486617000&amp;usg=AOvVaw1LBRr1SWtVdwyXiiEjm48D\">https:\/\/vignoble-<wbr \/>eymas.fr\/<\/a><\/strong>\u00a0l&rsquo;identit\u00e9 des diff\u00e9rents intervenants dans le cadre de sa r\u00e9alisation et de son suivi:<\/p><p><strong>Propri\u00e9taire du site :\u00a0<\/strong>Entreprise Individuelle : St\u00e9phane EYMAS\u00a0&#8211; Contact :\u00a0<a href=\"mailto:cave.bellevue@gmail.com\" target=\"_blank\" rel=\"noopener\">cave.bellevue@gmail.com<\/a>\u00a005 57 64 41 21\u00a0&#8211; Adresse :\u00a09 Avenue Mendes-France 33820 St Ciers s\/Gironde.<\/p><p><strong>Identification de l&rsquo;entreprise :<\/strong>\u00a0EI\u00a0Entreprise Individuelle : St\u00e9phane EYMAS\u00a0au capital social de\u00a0\u20ac &#8211; SIREN :\u00a0429410129\u00a0&#8211; RCS ou RM :\u00a0&#8211; Adresse postale :\u00a09 Avenue Mendes-France 33820 St Ciers s\/Gironde\u00a0&#8211;\u00a0<a href=\"https:\/\/vignoble-eymas.fr\/en_gb\/mentions-legales\/\" target=\"_blank\" rel=\"noopener\" data-saferedirecturl=\"https:\/\/www.google.com\/url?q=https:\/\/vignoble-eymas.fr\/mentions-legales&amp;source=gmail&amp;ust=1660676486617000&amp;usg=AOvVaw0pBpOcFMN-2TZ5hhzYVL3k\">https:\/\/vignoble-<wbr \/>eymas.fr\/mentions-legales<\/a><\/p><p><strong>Directeur de la publication :\u00a0<\/strong>EI St\u00e9phane EYMAS\u00a0&#8211; Contact :\u00a005 57 64 41 21.<\/p><p><strong>H\u00e9bergeur :<\/strong>\u00a0AMEN SASU &#8211; 12-14, Rond Point des Champs Elys\u00e9es 75008 Paris &#8211; T\u00e9l\u00e9phone : 01.70.99.53.41<\/p><p><strong>D\u00e9l\u00e9gu\u00e9 \u00e0 la protection des donn\u00e9es :\u00a0<\/strong>M. St\u00e9phane EYMAS\u00a0&#8211;\u00a0<a href=\"mailto:cave.bellevue@gmail.com\" target=\"_blank\" rel=\"noopener\">cave.bellevue@gmail.<wbr \/>com<\/a><\/p><p><strong>Autres contributeurs :<\/strong>\u00a0Cr\u00e9dits Photos : Marion BERTIN Cr\u00e9dits Vid\u00e9o : Sebastien CASSEN Webmaster : Artgrafik Digital &#8211;\u00a0<a href=\"https:\/\/www.artgrafik.fr\/\" target=\"_blank\" rel=\"noopener\" data-saferedirecturl=\"https:\/\/www.google.com\/url?q=https:\/\/www.artgrafik.fr&amp;source=gmail&amp;ust=1660676486618000&amp;usg=AOvVaw1126O5kiijw2Ym5m6OSaLI\">https:\/\/www.artgrafik.fr<\/a><\/p><hr \/><h2><span id=\"m_5086636472345996481lwptoc21\">2 &#8211; Propri\u00e9t\u00e9 intellectuelle et contrefa\u00e7ons.<\/span><\/h2><p><strong>Entreprise Individuelle : St\u00e9phane EYMAS<\/strong>\u00a0est propri\u00e9taire des droits de propri\u00e9t\u00e9 intellectuelle et d\u00e9tient les droits d\u2019usage sur tous les \u00e9l\u00e9ments accessibles sur le site internet, notamment les textes, images, graphismes, logos, vid\u00e9os, architecture, ic\u00f4nes et sons.<\/p><p>Toute reproduction, repr\u00e9sentation, modification, publication, adaptation de tout ou partie des \u00e9l\u00e9ments du site, quel que soit le moyen ou le proc\u00e9d\u00e9 utilis\u00e9, est interdite, sauf autorisation \u00e9crite pr\u00e9alable de\u00a0<strong>Entreprise Individuelle : St\u00e9phane EYMAS<\/strong>.<\/p><p>Toute exploitation non autoris\u00e9e du site ou de l\u2019un quelconque des \u00e9l\u00e9ments qu\u2019il contient sera consid\u00e9r\u00e9e comme constitutive d\u2019une contrefa\u00e7on et poursuivie conform\u00e9ment aux dispositions des articles\u00a0<a href=\"https:\/\/www.legifrance.gouv.fr\/affichCodeArticle.do?idArticle=LEGIARTI000032655082&amp;cidTexte=LEGITEXT000006069414&amp;dateTexte=20160605\" target=\"_blank\" rel=\"noreferrer nofollow noopener\" data-saferedirecturl=\"https:\/\/www.google.com\/url?q=https:\/\/www.legifrance.gouv.fr\/affichCodeArticle.do?idArticle%3DLEGIARTI000032655082%26cidTexte%3DLEGITEXT000006069414%26dateTexte%3D20160605&amp;source=gmail&amp;ust=1660676486618000&amp;usg=AOvVaw3mahULdpNaxQdE_KujSNUX\">L.335-2 et suivants du Code de Propri\u00e9t\u00e9 Intellectuelle<\/a>.<\/p><hr \/><h2><span id=\"m_5086636472345996481lwptoc22\">3 &#8211; Limitations de responsabilit\u00e9.<\/span><\/h2><p><strong>Entreprise Individuelle : St\u00e9phane EYMAS<\/strong>\u00a0ne pourra \u00eatre tenu pour responsable des dommages directs et indirects caus\u00e9s au mat\u00e9riel de l\u2019utilisateur, lors de l\u2019acc\u00e8s au site\u00a0<strong><a href=\"https:\/\/vignoble-eymas.fr\/en_gb\/\" target=\"_blank\" rel=\"noopener\" data-saferedirecturl=\"https:\/\/www.google.com\/url?q=https:\/\/vignoble-eymas.fr\/&amp;source=gmail&amp;ust=1660676486618000&amp;usg=AOvVaw17V4_hjj5QKRq42Niam_pj\">https:\/\/vignoble-eymas.<wbr \/>fr\/<\/a><\/strong>.<\/p><p><strong>Entreprise Individuelle : St\u00e9phane EYMAS<\/strong>\u00a0d\u00e9cline toute responsabilit\u00e9 quant \u00e0 l\u2019utilisation qui pourrait \u00eatre faite des informations et contenus pr\u00e9sents sur\u00a0<strong><a href=\"https:\/\/vignoble-eymas.fr\/en_gb\/\" target=\"_blank\" rel=\"noopener\" data-saferedirecturl=\"https:\/\/www.google.com\/url?q=https:\/\/vignoble-eymas.fr\/&amp;source=gmail&amp;ust=1660676486618000&amp;usg=AOvVaw17V4_hjj5QKRq42Niam_pj\">https:\/\/vignoble-eymas.fr\/<\/a><\/strong><wbr \/>.<\/p><p><strong>Entreprise Individuelle : St\u00e9phane EYMAS<\/strong>\u00a0s\u2019engage \u00e0 s\u00e9curiser au mieux le site\u00a0<strong><a href=\"https:\/\/vignoble-eymas.fr\/en_gb\/\" target=\"_blank\" rel=\"noopener\" data-saferedirecturl=\"https:\/\/www.google.com\/url?q=https:\/\/vignoble-eymas.fr\/&amp;source=gmail&amp;ust=1660676486618000&amp;usg=AOvVaw17V4_hjj5QKRq42Niam_pj\">https:\/\/vignoble-eymas.<wbr \/>fr\/<\/a><\/strong>, cependant sa responsabilit\u00e9 ne pourra \u00eatre mise en cause si des donn\u00e9es ind\u00e9sirables sont import\u00e9es et install\u00e9es sur son site \u00e0 son insu.<\/p><p>Des espaces interactifs (espace contact ou commentaires) sont \u00e0 la disposition des utilisateurs.\u00a0<strong>Entreprise Individuelle : St\u00e9phane EYMAS<\/strong>\u00a0se r\u00e9serve le droit de supprimer, sans mise en demeure pr\u00e9alable, tout contenu d\u00e9pos\u00e9 dans cet espace qui contreviendrait \u00e0 la l\u00e9gislation applicable en France, en particulier aux dispositions relatives \u00e0 la protection des donn\u00e9es.<\/p><p>Le cas \u00e9ch\u00e9ant,\u00a0<strong>Entreprise Individuelle : St\u00e9phane EYMAS<\/strong>\u00a0se r\u00e9serve \u00e9galement la possibilit\u00e9 de mettre en cause la responsabilit\u00e9 civile et\/ou p\u00e9nale de l\u2019utilisateur, notamment en cas de message \u00e0 caract\u00e8re raciste, injurieux, diffamant, ou pornographique, quel que soit le support utilis\u00e9 (texte, photographie \u2026).<\/p><hr \/><h2><span id=\"m_5086636472345996481lwptoc23\">4 &#8211; CNIL et gestion des donn\u00e9es personnelles.<\/span><\/h2><p>Conform\u00e9ment aux dispositions de\u00a0<a href=\"https:\/\/www.legifrance.gouv.fr\/affichTexte.do?cidTexte=JORFTEXT000000886460\" target=\"_blank\" rel=\"noreferrer nofollow noopener\" data-saferedirecturl=\"https:\/\/www.google.com\/url?q=https:\/\/www.legifrance.gouv.fr\/affichTexte.do?cidTexte%3DJORFTEXT000000886460&amp;source=gmail&amp;ust=1660676486618000&amp;usg=AOvVaw27KbrC4xfFU3Rt_tJYn4mc\">la loi 78-17 du 6 janvier 1978 modifi\u00e9e<\/a>, l\u2019utilisateur du site\u00a0<strong><a href=\"https:\/\/vignoble-eymas.fr\/en_gb\/\" target=\"_blank\" rel=\"noopener\" data-saferedirecturl=\"https:\/\/www.google.com\/url?q=https:\/\/vignoble-eymas.fr\/&amp;source=gmail&amp;ust=1660676486618000&amp;usg=AOvVaw17V4_hjj5QKRq42Niam_pj\">https:\/\/vignoble-eymas.<wbr \/>fr\/<\/a><\/strong>\u00a0dispose d\u2019un droit d\u2019acc\u00e8s, de modification et de suppression des informations collect\u00e9es. Pour exercer ce droit, envoyez un message \u00e0 notre D\u00e9l\u00e9gu\u00e9 \u00e0 la Protection des Donn\u00e9es :\u00a0<strong>M. St\u00e9phane EYMAS<\/strong>\u00a0&#8211;\u00a0<strong><a href=\"mailto:cave.bellevue@gmail.com\" target=\"_blank\" rel=\"noopener\">cave.bellevue@gmail.<wbr \/>com<\/a><\/strong>.<\/p><p>Pour plus d&rsquo;informations sur la fa\u00e7on dont nous traitons vos donn\u00e9es (type de donn\u00e9es, finalit\u00e9, destinataire&#8230;), lisez notre\u00a0<strong><a href=\"https:\/\/vignoble-eymas.fr\/en_gb\/mentions-legales\/\" target=\"_blank\" rel=\"noopener\" data-saferedirecturl=\"https:\/\/www.google.com\/url?q=https:\/\/vignoble-eymas.fr\/mentions-legales&amp;source=gmail&amp;ust=1660676486618000&amp;usg=AOvVaw3ONFx-n_an6cu7rrmhySAW\">https:\/\/vignoble-eymas.<wbr \/>fr\/mentions-legales<\/a><\/strong>.<\/p><hr \/><h2><span id=\"m_5086636472345996481lwptoc24\">5 &#8211; Liens hypertextes et cookies<\/span><\/h2><p>Le site\u00a0<strong><a href=\"https:\/\/vignoble-eymas.fr\/en_gb\/\" target=\"_blank\" rel=\"noopener\" data-saferedirecturl=\"https:\/\/www.google.com\/url?q=https:\/\/vignoble-eymas.fr\/&amp;source=gmail&amp;ust=1660676486618000&amp;usg=AOvVaw17V4_hjj5QKRq42Niam_pj\">https:\/\/vignoble-eymas.<wbr \/>fr\/<\/a><\/strong>\u00a0contient des liens hypertextes vers d\u2019autres sites et d\u00e9gage toute responsabilit\u00e9 \u00e0 propos de ces liens externes ou des liens cr\u00e9\u00e9s par d\u2019autres sites vers\u00a0<strong><a href=\"https:\/\/vignoble-eymas.fr\/en_gb\/\" target=\"_blank\" rel=\"noopener\" data-saferedirecturl=\"https:\/\/www.google.com\/url?q=https:\/\/vignoble-eymas.fr\/&amp;source=gmail&amp;ust=1660676486618000&amp;usg=AOvVaw17V4_hjj5QKRq42Niam_pj\">https:\/\/vignoble-eymas.<wbr \/>fr\/<\/a><\/strong>.<\/p><p>La navigation sur le site\u00a0<strong><a href=\"https:\/\/vignoble-eymas.fr\/en_gb\/\" target=\"_blank\" rel=\"noopener\" data-saferedirecturl=\"https:\/\/www.google.com\/url?q=https:\/\/vignoble-eymas.fr\/&amp;source=gmail&amp;ust=1660676486618000&amp;usg=AOvVaw17V4_hjj5QKRq42Niam_pj\">https:\/\/vignoble-eymas.<wbr \/>fr\/<\/a><\/strong>\u00a0est susceptible de provoquer l\u2019installation de cookie(s) sur l\u2019ordinateur de l\u2019utilisateur.<\/p><p>Un \u00ab\u00a0cookie\u00a0\u00bb est un fichier de petite taille qui enregistre des informations relatives \u00e0 la navigation d\u2019un utilisateur sur un site. Les donn\u00e9es ainsi obtenues permettent d&rsquo;obtenir des mesures de fr\u00e9quentation, par exemple.<\/p><p>Vous avez la possibilit\u00e9\u00a0<strong>d\u2019accepter ou de refuser les cookies<\/strong>\u00a0en modifiant les param\u00e8tres de votre navigateur. Aucun cookie ne sera d\u00e9pos\u00e9 sans votre consentement.<\/p><p>Les cookies sont enregistr\u00e9s pour une dur\u00e9e maximale de\u00a06\u00a0mois.<\/p><p>Pour plus d&rsquo;informations sur la fa\u00e7on dont nous faisons usage des cookies, lisez notre\u00a0<strong><a href=\"https:\/\/vignoble-eymas.fr\/en_gb\/mentions-legales\/\" target=\"_blank\" rel=\"noopener\" data-saferedirecturl=\"https:\/\/www.google.com\/url?q=https:\/\/vignoble-eymas.fr\/mentions-legales&amp;source=gmail&amp;ust=1660676486618000&amp;usg=AOvVaw3ONFx-n_an6cu7rrmhySAW\">https:\/\/vignoble-eymas.<wbr \/>fr\/mentions-legales<\/a><\/strong>.<\/p><hr \/><h2><span id=\"m_5086636472345996481lwptoc25\">6 &#8211; Droit applicable et attribution de juridiction.<\/span><\/h2><p>Tout litige en relation avec l\u2019utilisation du site\u00a0<strong><a href=\"https:\/\/vignoble-eymas.fr\/en_gb\/\" target=\"_blank\" rel=\"noopener\" data-saferedirecturl=\"https:\/\/www.google.com\/url?q=https:\/\/vignoble-eymas.fr\/&amp;source=gmail&amp;ust=1660676486618000&amp;usg=AOvVaw17V4_hjj5QKRq42Niam_pj\">https:\/\/vignoble-eymas.<wbr \/>fr\/<\/a><\/strong>\u00a0est soumis au droit fran\u00e7ais. En dehors des cas o\u00f9 la loi ne le permet pas, il est fait attribution exclusive de juridiction aux tribunaux comp\u00e9tents de\u00a0<strong>La Rochelle<\/strong>.<\/p>\t\t\t\t\t\t\t\t<\/div>\n\t\t\t\t<\/div>\n\t\t\t\t\t<\/div>\n\t\t<\/div>\n\t\t\t\t\t<\/div>\n\t\t<\/section>\n\t\t\t\t<\/div>","protected":false},"excerpt":{"rendered":"<p>1 &#8211; \u00c9dition du site En vertu de&nbsp;l&rsquo;article 6 de la loi n\u00b0 2004-575 du 21 juin 2004&nbsp;pour la confiance dans l&rsquo;\u00e9conomie num\u00e9rique, il est pr\u00e9cis\u00e9 aux utilisateurs du site internet&nbsp;https:\/\/vignoble-eymas.fr\/&nbsp;l&rsquo;identit\u00e9 des diff\u00e9rents intervenants dans le cadre de sa r\u00e9alisation et de son suivi: Propri\u00e9taire du site :&nbsp;Entreprise Individuelle : St\u00e9phane EYMAS&nbsp;&#8211; Contact :&nbsp;cave.bellevue@gmail.com&nbsp;05 57 &hellip; <\/p>\n<p class=\"link-more\"><a href=\"https:\/\/vignoble-eymas.fr\/en_gb\/mentions-legales\/\" class=\"more-link\">Continue reading<span class=\"screen-reader-text\"> \u00ab\u00a0Mentions l\u00e9gales\u00a0\u00bb<\/span><\/a><\/p>","protected":false},"author":1,"featured_media":242,"parent":0,"menu_order":0,"comment_status":"closed","ping_status":"closed","template":"elementor_header_footer","meta":{"footnotes":""},"class_list":["post-24","page","type-page","status-publish","has-post-thumbnail","hentry"],"yoast_head":"<!-- This site is optimized with the Yoast SEO plugin v27.2 - https:\/\/yoast.com\/product\/yoast-seo-wordpress\/ -->\n<title>Mentions l\u00e9gales - Vignoble Eymas<\/title>\n<meta name=\"description\" content=\"En vertu de l\u2019article 6 de la loi n\u00b0 2004-575 du 21 juin 2004 pour la confiance dans l\u2019\u00e9conomie num\u00e9rique, il est pr\u00e9cis\u00e9 aux...\" \/>\n<meta name=\"robots\" content=\"index, follow, max-snippet:-1, max-image-preview:large, max-video-preview:-1\" \/>\n<link rel=\"canonical\" href=\"https:\/\/vignoble-eymas.fr\/en_gb\/mentions-legales\/\" \/>\n<meta property=\"og:locale\" content=\"en_GB\" \/>\n<meta property=\"og:type\" content=\"article\" \/>\n<meta property=\"og:title\" content=\"Mentions l\u00e9gales - Vignoble Eymas\" \/>\n<meta property=\"og:description\" content=\"En vertu de l\u2019article 6 de la loi n\u00b0 2004-575 du 21 juin 2004 pour la confiance dans l\u2019\u00e9conomie num\u00e9rique, il est pr\u00e9cis\u00e9 aux...\" \/>\n<meta property=\"og:url\" content=\"https:\/\/vignoble-eymas.fr\/en_gb\/mentions-legales\/\" \/>\n<meta property=\"og:site_name\" content=\"Vignoble Eymas\" \/>\n<meta property=\"article:publisher\" content=\"https:\/\/www.facebook.com\/cave.bellevue33\/\" \/>\n<meta property=\"article:modified_time\" content=\"2022-09-15T14:18:34+00:00\" \/>\n<meta property=\"og:image\" content=\"https:\/\/vignoble-eymas.fr\/wp-content\/uploads\/2022\/06\/Capture-de\u0301cran-2022-06-30-a\u0300-16.39.58.jpg\" \/>\n\t<meta property=\"og:image:width\" content=\"742\" \/>\n\t<meta property=\"og:image:height\" content=\"194\" \/>\n\t<meta property=\"og:image:type\" content=\"image\/jpeg\" \/>\n<meta name=\"twitter:card\" content=\"summary_large_image\" \/>\n<meta name=\"twitter:label1\" content=\"Estimated reading time\" \/>\n\t<meta name=\"twitter:data1\" content=\"4 minutes\" \/>\n<script type=\"application\/ld+json\" class=\"yoast-schema-graph\">{\"@context\":\"https:\/\/schema.org\",\"@graph\":[{\"@type\":\"WebPage\",\"@id\":\"https:\/\/vignoble-eymas.fr\/mentions-legales\/\",\"url\":\"https:\/\/vignoble-eymas.fr\/mentions-legales\/\",\"name\":\"Mentions l\u00e9gales - Vignoble Eymas\",\"isPartOf\":{\"@id\":\"https:\/\/vignoble-eymas.fr\/#website\"},\"primaryImageOfPage\":{\"@id\":\"https:\/\/vignoble-eymas.fr\/mentions-legales\/#primaryimage\"},\"image\":{\"@id\":\"https:\/\/vignoble-eymas.fr\/mentions-legales\/#primaryimage\"},\"thumbnailUrl\":\"https:\/\/vignoble-eymas.fr\/wp-content\/uploads\/2022\/06\/Capture-de\u0301cran-2022-06-30-a\u0300-16.39.58.jpg\",\"datePublished\":\"2022-06-29T13:21:58+00:00\",\"dateModified\":\"2022-09-15T14:18:34+00:00\",\"description\":\"En vertu de l\u2019article 6 de la loi n\u00b0 2004-575 du 21 juin 2004 pour la confiance dans l\u2019\u00e9conomie num\u00e9rique, il est pr\u00e9cis\u00e9 aux...\",\"breadcrumb\":{\"@id\":\"https:\/\/vignoble-eymas.fr\/mentions-legales\/#breadcrumb\"},\"inLanguage\":\"en-GB\",\"potentialAction\":[{\"@type\":\"ReadAction\",\"target\":[\"https:\/\/vignoble-eymas.fr\/mentions-legales\/\"]}]},{\"@type\":\"ImageObject\",\"inLanguage\":\"en-GB\",\"@id\":\"https:\/\/vignoble-eymas.fr\/mentions-legales\/#primaryimage\",\"url\":\"https:\/\/vignoble-eymas.fr\/wp-content\/uploads\/2022\/06\/Capture-de\u0301cran-2022-06-30-a\u0300-16.39.58.jpg\",\"contentUrl\":\"https:\/\/vignoble-eymas.fr\/wp-content\/uploads\/2022\/06\/Capture-de\u0301cran-2022-06-30-a\u0300-16.39.58.jpg\",\"width\":742,\"height\":194},{\"@type\":\"BreadcrumbList\",\"@id\":\"https:\/\/vignoble-eymas.fr\/mentions-legales\/#breadcrumb\",\"itemListElement\":[{\"@type\":\"ListItem\",\"position\":1,\"name\":\"Accueil\",\"item\":\"https:\/\/vignoble-eymas.fr\/\"},{\"@type\":\"ListItem\",\"position\":2,\"name\":\"Mentions l\u00e9gales\"}]},{\"@type\":\"WebSite\",\"@id\":\"https:\/\/vignoble-eymas.fr\/#website\",\"url\":\"https:\/\/vignoble-eymas.fr\/\",\"name\":\"Vignoble Eymas\",\"description\":\"Vignoble Eymas, vignoble en Gironde\",\"publisher\":{\"@id\":\"https:\/\/vignoble-eymas.fr\/#organization\"},\"potentialAction\":[{\"@type\":\"SearchAction\",\"target\":{\"@type\":\"EntryPoint\",\"urlTemplate\":\"https:\/\/vignoble-eymas.fr\/?s={search_term_string}\"},\"query-input\":{\"@type\":\"PropertyValueSpecification\",\"valueRequired\":true,\"valueName\":\"search_term_string\"}}],\"inLanguage\":\"en-GB\"},{\"@type\":\"Organization\",\"@id\":\"https:\/\/vignoble-eymas.fr\/#organization\",\"name\":\"Vignoble Eymas\",\"url\":\"https:\/\/vignoble-eymas.fr\/\",\"logo\":{\"@type\":\"ImageObject\",\"inLanguage\":\"en-GB\",\"@id\":\"https:\/\/vignoble-eymas.fr\/#\/schema\/logo\/image\/\",\"url\":\"https:\/\/vignoble-eymas.fr\/wp-content\/uploads\/2022\/06\/Capture-de\u0301cran-2022-06-30-a\u0300-16.39.58.jpg\",\"contentUrl\":\"https:\/\/vignoble-eymas.fr\/wp-content\/uploads\/2022\/06\/Capture-de\u0301cran-2022-06-30-a\u0300-16.39.58.jpg\",\"width\":742,\"height\":194,\"caption\":\"Vignoble Eymas\"},\"image\":{\"@id\":\"https:\/\/vignoble-eymas.fr\/#\/schema\/logo\/image\/\"},\"sameAs\":[\"https:\/\/www.facebook.com\/cave.bellevue33\/\"]}]}<\/script>\n<!-- \/ Yoast SEO plugin. -->","yoast_head_json":{"title":"Mentions l\u00e9gales - Vignoble Eymas","description":"En vertu de l\u2019article 6 de la loi n\u00b0 2004-575 du 21 juin 2004 pour la confiance dans l\u2019\u00e9conomie num\u00e9rique, il est pr\u00e9cis\u00e9 aux...","robots":{"index":"index","follow":"follow","max-snippet":"max-snippet:-1","max-image-preview":"max-image-preview:large","max-video-preview":"max-video-preview:-1"},"canonical":"https:\/\/vignoble-eymas.fr\/en_gb\/mentions-legales\/","og_locale":"en_GB","og_type":"article","og_title":"Mentions l\u00e9gales - Vignoble Eymas","og_description":"En vertu de l\u2019article 6 de la loi n\u00b0 2004-575 du 21 juin 2004 pour la confiance dans l\u2019\u00e9conomie num\u00e9rique, il est pr\u00e9cis\u00e9 aux...","og_url":"https:\/\/vignoble-eymas.fr\/en_gb\/mentions-legales\/","og_site_name":"Vignoble Eymas","article_publisher":"https:\/\/www.facebook.com\/cave.bellevue33\/","article_modified_time":"2022-09-15T14:18:34+00:00","og_image":[{"width":742,"height":194,"url":"https:\/\/vignoble-eymas.fr\/wp-content\/uploads\/2022\/06\/Capture-de\u0301cran-2022-06-30-a\u0300-16.39.58.jpg","type":"image\/jpeg"}],"twitter_card":"summary_large_image","twitter_misc":{"Estimated reading time":"4 minutes"},"schema":{"@context":"https:\/\/schema.org","@graph":[{"@type":"WebPage","@id":"https:\/\/vignoble-eymas.fr\/mentions-legales\/","url":"https:\/\/vignoble-eymas.fr\/mentions-legales\/","name":"Mentions l\u00e9gales - Vignoble Eymas","isPartOf":{"@id":"https:\/\/vignoble-eymas.fr\/#website"},"primaryImageOfPage":{"@id":"https:\/\/vignoble-eymas.fr\/mentions-legales\/#primaryimage"},"image":{"@id":"https:\/\/vignoble-eymas.fr\/mentions-legales\/#primaryimage"},"thumbnailUrl":"https:\/\/vignoble-eymas.fr\/wp-content\/uploads\/2022\/06\/Capture-de\u0301cran-2022-06-30-a\u0300-16.39.58.jpg","datePublished":"2022-06-29T13:21:58+00:00","dateModified":"2022-09-15T14:18:34+00:00","description":"En vertu de l\u2019article 6 de la loi n\u00b0 2004-575 du 21 juin 2004 pour la confiance dans l\u2019\u00e9conomie num\u00e9rique, il est pr\u00e9cis\u00e9 aux...","breadcrumb":{"@id":"https:\/\/vignoble-eymas.fr\/mentions-legales\/#breadcrumb"},"inLanguage":"en-GB","potentialAction":[{"@type":"ReadAction","target":["https:\/\/vignoble-eymas.fr\/mentions-legales\/"]}]},{"@type":"ImageObject","inLanguage":"en-GB","@id":"https:\/\/vignoble-eymas.fr\/mentions-legales\/#primaryimage","url":"https:\/\/vignoble-eymas.fr\/wp-content\/uploads\/2022\/06\/Capture-de\u0301cran-2022-06-30-a\u0300-16.39.58.jpg","contentUrl":"https:\/\/vignoble-eymas.fr\/wp-content\/uploads\/2022\/06\/Capture-de\u0301cran-2022-06-30-a\u0300-16.39.58.jpg","width":742,"height":194},{"@type":"BreadcrumbList","@id":"https:\/\/vignoble-eymas.fr\/mentions-legales\/#breadcrumb","itemListElement":[{"@type":"ListItem","position":1,"name":"Accueil","item":"https:\/\/vignoble-eymas.fr\/"},{"@type":"ListItem","position":2,"name":"Mentions l\u00e9gales"}]},{"@type":"WebSite","@id":"https:\/\/vignoble-eymas.fr\/#website","url":"https:\/\/vignoble-eymas.fr\/","name":"Vignoble Eymas","description":"Vignoble Eymas, vignoble en Gironde","publisher":{"@id":"https:\/\/vignoble-eymas.fr\/#organization"},"potentialAction":[{"@type":"SearchAction","target":{"@type":"EntryPoint","urlTemplate":"https:\/\/vignoble-eymas.fr\/?s={search_term_string}"},"query-input":{"@type":"PropertyValueSpecification","valueRequired":true,"valueName":"search_term_string"}}],"inLanguage":"en-GB"},{"@type":"Organization","@id":"https:\/\/vignoble-eymas.fr\/#organization","name":"Vignoble Eymas","url":"https:\/\/vignoble-eymas.fr\/","logo":{"@type":"ImageObject","inLanguage":"en-GB","@id":"https:\/\/vignoble-eymas.fr\/#\/schema\/logo\/image\/","url":"https:\/\/vignoble-eymas.fr\/wp-content\/uploads\/2022\/06\/Capture-de\u0301cran-2022-06-30-a\u0300-16.39.58.jpg","contentUrl":"https:\/\/vignoble-eymas.fr\/wp-content\/uploads\/2022\/06\/Capture-de\u0301cran-2022-06-30-a\u0300-16.39.58.jpg","width":742,"height":194,"caption":"Vignoble Eymas"},"image":{"@id":"https:\/\/vignoble-eymas.fr\/#\/schema\/logo\/image\/"},"sameAs":["https:\/\/www.facebook.com\/cave.bellevue33\/"]}]}},"_links":{"self":[{"href":"https:\/\/vignoble-eymas.fr\/en_gb\/wp-json\/wp\/v2\/pages\/24","targetHints":{"allow":["GET"]}}],"collection":[{"href":"https:\/\/vignoble-eymas.fr\/en_gb\/wp-json\/wp\/v2\/pages"}],"about":[{"href":"https:\/\/vignoble-eymas.fr\/en_gb\/wp-json\/wp\/v2\/types\/page"}],"author":[{"embeddable":true,"href":"https:\/\/vignoble-eymas.fr\/en_gb\/wp-json\/wp\/v2\/users\/1"}],"replies":[{"embeddable":true,"href":"https:\/\/vignoble-eymas.fr\/en_gb\/wp-json\/wp\/v2\/comments?post=24"}],"version-history":[{"count":8,"href":"https:\/\/vignoble-eymas.fr\/en_gb\/wp-json\/wp\/v2\/pages\/24\/revisions"}],"predecessor-version":[{"id":850,"href":"https:\/\/vignoble-eymas.fr\/en_gb\/wp-json\/wp\/v2\/pages\/24\/revisions\/850"}],"wp:featuredmedia":[{"embeddable":true,"href":"https:\/\/vignoble-eymas.fr\/en_gb\/wp-json\/wp\/v2\/media\/242"}],"wp:attachment":[{"href":"https:\/\/vignoble-eymas.fr\/en_gb\/wp-json\/wp\/v2\/media?parent=24"}],"curies":[{"name":"wp","href":"https:\/\/api.w.org\/{rel}","templated":true}]}}